{"id":5606,"date":"2022-10-05T21:37:02","date_gmt":"2022-10-06T00:37:02","guid":{"rendered":"https:\/\/empleadospublicos.larioja.gob.ar\/RecursosHumanos\/?page_id=5606"},"modified":"2022-10-05T21:37:02","modified_gmt":"2022-10-06T00:37:02","slug":"ley-provincial-n-6-580","status":"publish","type":"page","link":"https:\/\/empleadospublicos.larioja.gob.ar\/RecursosHumanos\/ley-provincial-n-6-580\/","title":{"rendered":"Ley Provincial N 6.580"},"content":{"rendered":"<p>La Rioja<br \/>\nLEY 6.580<br \/>\nVIOLENCIA FAMILIAR<br \/>\nLa C\u00e1mara de Diputados de la Provincia de La Rioja sanciona con fuerza<br \/>\nde ley:<br \/>\nArt\u00edculo 1\u00ba .- La presente ley tiene por objeto:<br \/>\na) Prevenir, erradicar y sancionar todo tipo de violencia dentro del grupo<br \/>\nfamiliar, en todo el \u00e1mbito de la provincia.<br \/>\nb) Resguardar la instituci\u00f3n familiar como c\u00e9lula b\u00e1sica y fundamental de<br \/>\ntoda comunidad.<br \/>\nArt\u00edculo 2\u00ba.- Enti\u00e9ndase por grupo familiar a los efectos de la presente<br \/>\nley, el originado por el matrimonio civil o por las uniones de hecho que<br \/>\npresenten signos inequ\u00edvocos de permanencia.<br \/>\nArt\u00edculo 3\u00ba.- A los fines de esta ley, enti\u00e9ndase por violencia, toda<br \/>\ncompulsi\u00f3n moral o ps\u00edquica, o fuerza f\u00edsica, ejercida sobre una persona,<br \/>\nsus derechos, ya sea como finalidad lesiva, para quebrantar o paralizar su<br \/>\nvoluntad, o para motivarla en determinado sentido. Toda conducta<br \/>\nabusiva que por acci\u00f3n u omisi\u00f3n, ocasione da\u00f1o f\u00edsico, sexual, financiero<br \/>\ny\/o psicol\u00f3gico en forma permanente o c\u00edclica.<br \/>\nArt\u00edculo 4\u00ba.- Toda persona que sufra violencia en los t\u00e9rminos de la<br \/>\npresente ley, por parte de alguno de los integrantes del grupo familiar,<br \/>\npodr\u00e1 demandar ante el juez competente la protecci\u00f3n judicial, siempre<br \/>\nque de estos hechos no derivare delito alguno perseguible de oficio, y<br \/>\nsolicitar medidas cautelares conexas. La opci\u00f3n por el recurso establecido<br \/>\nen esta ley, no implica renuncia a la acci\u00f3n penal.<br \/>\nArt\u00edculo 5\u00ba.- El tribunal competente para entender en las causas de<br \/>\nviolencia familiar ser\u00e1:<br \/>\n\u2022 En la Primera, Segunda, Tercera, Cuarta y Quinta Circunscripci\u00f3n<br \/>\nJudicial: La C\u00e1mara Civil.<br \/>\n\u2022 En la Ciudad de Villa Uni\u00f3n: El Juzgado de Paz Letrado.<br \/>\n\u2022 En lugares alejados de las sedes anteriormente mencionadas que<br \/>\njustifique en raz\u00f3n de la distancia su intervenci\u00f3n: El Juzgado de Paz<br \/>\nLego.<br \/>\nArt\u00edculo 6\u00ba.- La presentaci\u00f3n podr\u00e1 formularse en forma escrita o verbal,<br \/>\ncon o sin patrocinio letrado. Si la v\u00edctima careciere de recursos<br \/>\necon\u00f3micos o fuere menor sin representante, la acci\u00f3n ser\u00e1 entablada por<br \/>\nel Ministerio P\u00fablico. Tambi\u00e9n las funciones de patrocinio indicado, estar\u00e1n<br \/>\na cargo de funcionarios que a tal efecto operase en las distintas<br \/>\njurisdicciones o pudiesen instituirse en el futuro. En la presentaci\u00f3n inicial<br \/>\no durante la sustanciaci\u00f3n del proceso, el interesado podr\u00e1 peticionar las<br \/>\nmedidas cautelares establecidas en el art\u00edculo 10\u00ba de la presente ley.<br \/>\nArt\u00edculo 7\u00ba.- Deber\u00e1n efectuar denuncia, tomando las medidas y<br \/>\nrecaudos necesarios para evitar el conocimiento y divulgaci\u00f3n p\u00fablica de<br \/>\nla situaci\u00f3n, historia personal de la v\u00edctima y humillaci\u00f3n social a trav\u00e9s de<br \/>\ncualquier medio, las siguientes personas y organismos a saber:<br \/>\na) Cuando los damnificados fuesen menores o incapaces, ancianos,<br \/>\nimpedidos o discapacitados, los hechos de violencia deber\u00e1n ser<br \/>\ndenunciados por sus representantes legales y\/o Ministerio P\u00fablico.<br \/>\nb) Los servicios asistenciales, sociales y educativos, p\u00fablicos o privados,<br \/>\nlos profesionales de la salud y todo funcionario p\u00fablico en funci\u00f3n de su<br \/>\nlabor.<br \/>\nc) Toda persona que fehacientemente tomare conocimiento de los hechos<br \/>\nde violencia a que se refiere la presente ley.<br \/>\nArt\u00edculo 8\u00ba.- Cualquier v\u00edctima, incluso el menor incapaz puede poner<br \/>\ndirectamente en conocimiento del Ministerio P\u00fablico autorizado, los hechos<br \/>\nde violencia que padece a fin de que los mismos gestionen las acciones<br \/>\ncorrespondientes.<br \/>\nArt\u00edculo 9\u00ba.- En todos los casos, el juez interviniente requerir\u00e1 un<br \/>\ndiagn\u00f3stico de interacci\u00f3n familiar por profesionales especializados en<br \/>\nviolencia familiar que designar\u00e1 de oficio, pudiendo tambi\u00e9n el magistrado<br \/>\no las partes solicitar otros informes t\u00e9cnicos. El juez establecer\u00e1 los da\u00f1os<br \/>\nf\u00edsicos o ps\u00edquicos sufridos por la v\u00edctima; la situaci\u00f3n de peligro en que se<br \/>\nencuentra, el medio socio-ambiental de la familia y dem\u00e1s caracter\u00edsticas<br \/>\nde su funcionamiento. Para estas evaluaciones deber\u00e1 contar con los<br \/>\ninformes de expertos en las distintas disciplinas, solicitando a los<br \/>\norganismos autorizados por la presente ley dicha asistencia.<br \/>\nArt\u00edculo 10\u00ba.- El juez al tomar conocimiento de los hechos que motivaron<br \/>\nla denuncia y, acreditada la verosimilitud de los mismos, podr\u00e1 adoptar<br \/>\nlas siguientes medidas cautelares provisorias:<br \/>\na) Ordenar la exclusi\u00f3n del agresor de la vivienda donde habita el grupo<br \/>\nfamiliar si considera, que la continuaci\u00f3n de la convivencia significa<br \/>\npeligro para la integridad f\u00edsica y\/o ps\u00edquica del grupo familiar o alguno<br \/>\nde sus integrantes.<br \/>\nb) Ordenar el reintegro al domicilio a petici\u00f3n de quien ha debido salir del<br \/>\nmismo por razones de seguridad personal, excluyendo al autor.<br \/>\nc) Prohibir el acceso del agresor al domicilio del damnificado, a su lugar<br \/>\nde trabajo o de estudio. Podr\u00e1 igualmente a pedido de parte prohibir<br \/>\nque el autor realice actos de perturbaci\u00f3n o intimidaci\u00f3n a alguno de<br \/>\nlos integrantes del grupo familiar.<br \/>\nd) Decretar provisoriamente cuota alimentaria si correspondiera, de<br \/>\nacuerdo a los antecedentes obrantes en la causa y seg\u00fan las normas<br \/>\nque rigen la materia, si no hay acuerdo de partes.<br \/>\ne) Establecer el R\u00e9gimen Provisorio de Tenencia y Visita, si correspondiera<br \/>\ny conforme a las reglas legales ya establecidas. El juez procurar\u00e1 que<br \/>\nlas partes arriben a un acuerdo sobre estas cuestiones y para ello se<br \/>\nvaldr\u00e1 de terapeutas familiares o expertos que considere necesario,<br \/>\nquienes intervendr\u00e1n en las gestiones de mediaci\u00f3n.<br \/>\nf) En caso de que la v\u00edctima fuere menor, incapaz o anciana desvalida, el<br \/>\njuez podr\u00e1 otorgar la guarda protectora, en los t\u00e9rminos del art. 122\u00ba<br \/>\ndel C\u00f3digo de Procedimientos Civil de la provincia, a quien considere<br \/>\nid\u00f3neo para tal funci\u00f3n, si esta medida fuere necesaria para la<br \/>\nseguridad psico-f\u00edsica de los mencionados y hasta tanto se efect\u00fae el<br \/>\ndiagn\u00f3stico de la situaci\u00f3n. Esta atribuci\u00f3n del magistrado es sin<br \/>\nperjuicio de lo dispuesto por la Ley N\u00ba 10.903, para el supuesto de que<br \/>\nlos hechos de violencia fueren investigados en sede penal.<br \/>\nArt\u00edculo 11.- Dentro de las 48 horas de adoptadas las medidas<br \/>\nprecautorias, el juez convocar\u00e1 a las partes y al Ministerio P\u00fablico, si<br \/>\ncorrespondiera, a una audiencia de mediaci\u00f3n, instando a las mismas y a<br \/>\nsu grupo familiar a asistir a programas educativos o terap\u00e9uticos,<br \/>\nteniendo en cuenta el Informe del Art\u00edculo 7\u00ba.<br \/>\nArt\u00edculo 12.- Las audiencias ser\u00e1n privadas para evitar el estr\u00e9pito social<br \/>\nque pudiere implicar, asimismo los antecedentes y documentaci\u00f3n<br \/>\ncorrespondiente a los procedimientos, se mantendr\u00e1n en reserva, salvo<br \/>\npara las partes, letrados patrocinantes y expertos intervinientes.<br \/>\nArt\u00edculo 13.- Los jueces podr\u00e1n solicitar la colaboraci\u00f3n de todas las<br \/>\norganizaciones o entidades p\u00fablicas o privadas dedicadas a la protecci\u00f3n<br \/>\nde los menores, las mujeres y la familia, a los efectos de brindar<br \/>\nasistencia a las personas afectadas por los hechos denunciados.<br \/>\nArt\u00edculo 14.- Durante el transcurso de la causa y despu\u00e9s de la misma,<br \/>\njuntamente con la sentencia o auto resolutorio, el juez deber\u00e1 controlar<br \/>\nlas medidas y decisiones adoptadas, por el tiempo que juzgue<br \/>\nconveniente. A tal efecto designar\u00e1 el organismo p\u00fablico o privado<br \/>\nencargado de realizar la gesti\u00f3n de seguimiento.<br \/>\nArt\u00edculo 15.- Fac\u00faltase a la Funci\u00f3n Ejecutiva, a establecer los<br \/>\nmecanismos de coordinaci\u00f3n con las diversas \u00e1reas p\u00fablicas o privadas<br \/>\ninvolucradas en la tem\u00e1tica para un mejor aprovechamiento de los<br \/>\nrecursos humanos ya existentes con el fin de centralizar la actividad<br \/>\ntendiente a prevenir y contener la violencia familiar en la provincia.<br \/>\nArt\u00edculo 16.- La Funci\u00f3n Ejecutiva proceder\u00e1, a trav\u00e9s del Consejo<br \/>\nProvincial de la Mujer, a la reglamentaci\u00f3n de la presente ley, previendo<br \/>\nlos mecanismos conducentes a la implementaci\u00f3n de la misma.<br \/>\nArt\u00edculo 17.- Ser\u00e1 de aplicaci\u00f3n supletoria, en todo lo que no est\u00e9<br \/>\nprevisto en la presente ley, el C\u00f3digo de Procedimiento Civil y Comercial<br \/>\nde la provincia.<br \/>\nArt\u00edculo 18.- Comun\u00edquese, publ\u00edquese, ins\u00e9rtese en el Registro Oficial y<br \/>\narch\u00edvese.<br \/>\nDada en la Sala de Sesiones de la Legislatura de la Provincia, en La Rioja,<br \/>\n113\u00ba periodo legislativo, a veintid\u00f3s d\u00edas del mes de octubre del a\u00f1o mil<br \/>\nnovecientos noventa y ocho.<br \/>\nDECRETO 1.039\/99<br \/>\nREGLAMENTARIO DE LA LEY 6.580 DE VIOLENCIA FAMILIAR<br \/>\nVISTO<br \/>\nla ley N\u00ba 6580 de Protecci\u00f3n contra la Violencia Familiar, y<br \/>\nCONSIDERANDO<br \/>\nQue dicha ley ha creado un r\u00e9gimen legal tendiente a proteger a las<br \/>\npersonas frente a toda compulsi\u00f3n moral o ps\u00edquica, o fuerza f\u00edsica,<br \/>\nejercida sobre una persona, sus derechos, ya sea como finalidad lesiva,<br \/>\npara quebrantar o paralizar su voluntad, o para motivarla en determinado<br \/>\nsentido, o de toda conducta abusiva que por acci\u00f3n u omisi\u00f3n, ocasione<br \/>\nun da\u00f1o f\u00edsico, sexual, financiero y\/o psicol\u00f3gico en forma permanente o<br \/>\nc\u00edclica infligida por parte de alg\u00fan o algunos de los integrantes del grupo<br \/>\nfamiliar al que pertenece.-<br \/>\nQue resulta necesario proceder a la reglamentaci\u00f3n, a fin de implementar<br \/>\nun sistema que permita la plena aplicaci\u00f3n, tanto en la letra como en el<br \/>\nesp\u00edritu del mandamiento legislativo.<br \/>\nQue es responsabilidad del Estado Provincial abordar la tem\u00e1tica de la<br \/>\nviolencia familiar, dentro del \u00e1mbito de toda la provincia, en forma<br \/>\ninterdisciplinaria.<br \/>\nPOR ELLO,<br \/>\ny en uso de las facultades conferidas en el Art. 123 de la Constituci\u00f3n<br \/>\nProvincial.<br \/>\nEL GOBERNADOR DE LA PROVINCIA<br \/>\nDECRETA:<br \/>\nArt\u00edculo 1\u00ba.- Reglam\u00e9ntase Ley N\u00ba 6.580, de conformidad a las pautas<br \/>\nfijadas en el presente Decreto, que establecen los mecanismos<br \/>\nconducentes a la implementaci\u00f3n de la misma.-<br \/>\nArt\u00edculo 2\u00ba.- Coordinaci\u00f3n de los Organismos P\u00fablicos \u2013<br \/>\nMecanismos. A los fines de lo establecido por los Arts. 9\u00ba y 13\u00ba, los<br \/>\nOrganismo P\u00fablicos dependientes de la Funci\u00f3n Ejecutiva como la<br \/>\nSecretar\u00eda de Desarrollo Educativo (Ministerio de Cultura y Educaci\u00f3n),<br \/>\nServicio de Adolescencia, Servicio de Neuropsiquiatr\u00eda, Direcci\u00f3n de Salud<br \/>\nMenta, DAFICO, Servicio de Psicopedagog\u00eda, Servicio de Psicolog\u00eda Cl\u00ednica,<br \/>\nDirecci\u00f3n de Minoridad y Familia (Ministerio de Salud y Desarrollo Social),<br \/>\nPolic\u00eda de la Provincia y Consejo Provincial de la Mujer deber\u00e1n prestar el<br \/>\napoyo y producir informes de los casos de violencia familiar que les fuera<br \/>\nderivado con sus respectivos diagn\u00f3sticos.- Los mismos deber\u00e1n expedirse<br \/>\nen un t\u00e9rmino no mayor a los diez (10) d\u00edas a partir de la recepci\u00f3n del<br \/>\npetitorio, pudiendo en su caso el juez, determinar un plazo mayor seg\u00fan<br \/>\nla complejidad y circunstancias particulares del caso.- No obstante el plazo<br \/>\nmencionado, el cuerpo interdisciplinario deber\u00e1 emitir un diagn\u00f3stico<br \/>\npreliminar dentro de las veinticuatro (24) horas, para permitir al juez<br \/>\nevaluar la situaci\u00f3n de riesgo y facilitarle la decisi\u00f3n acerca de las medidas<br \/>\ncautelares previstas en el art\u00edculo 10 de la Ley N\u00ba 6280.- Este diagn\u00f3stico<br \/>\npreliminar, no les ser\u00e1 exigido en los casos en que la denuncia estuviere<br \/>\nacompa\u00f1ada de un diagn\u00f3stico producido por profesionales o instituciones<br \/>\np\u00fablicas como privadas, id\u00f3neas en violencia familiar.-<br \/>\nArt\u00edculo 3\u00ba.- Centro de Asesoramiento. Cr\u00e9ase dentro del \u00e1mbito del<br \/>\nConsejo Provincial de la Mujer, el Centro de Asesoramiento a la V\u00edctima de<br \/>\nViolencia familiar, el que tendr\u00e1 por finalidad asesorar y orientar sobre los<br \/>\nalcances de la Ley N\u00ba 6580, los recursos e instituciones disponibles para la<br \/>\nprevenci\u00f3n y atenci\u00f3n de los supuestos que aquella contempla.<br \/>\nEl Centro de Asesoramiento a la V\u00edctima de Violencia Familiar contar\u00e1 con<br \/>\nun Cuerpo Interdisciplinario conformado por personal id\u00f3neo y<br \/>\nprofesionales capacitados en la materia.-<br \/>\nArt\u00edculo 4\u00ba.- Registro de Denuncias sobre Violencia Familiar.<br \/>\nCr\u00e9ase en el \u00e1mbito del Consejo Provincial de la Mujer, el Registro de<br \/>\nDenuncias sobre Violencia Familiar, el que tendr\u00e1 como finalidad unificar<br \/>\nla informaci\u00f3n suministrada por los distintos organismos estatales para<br \/>\nevitar la superposici\u00f3n de datos. El sistema de registros se efectuar\u00e1 en<br \/>\nbase a datos tanto del agresor como de la v\u00edctima, en el que deber\u00e1<br \/>\nvolcarse la informaci\u00f3n que surja del formulario de denuncia, que como<br \/>\nanexo I, forma parte de este decreto.- En el mismo registro se tomar\u00e1<br \/>\nnota del resultado de las actuaciones.-<br \/>\nEl juez podr\u00e1 solicitar al Registro informaci\u00f3n sobre la existencia de<br \/>\nantecedentes del integrante familiar agresor.-<br \/>\nArt\u00edculo 5\u00ba.- Resguardo de la intimidad. Quienes se encuentren a<br \/>\ncargo del registro de denuncias o tengan el manejo de la informaci\u00f3n,<br \/>\ndeber\u00e1n tomar los recaudos suficientes a fines de amparar<br \/>\nadecuadamente la intimidad de las personas all\u00ed incluidas.<br \/>\nArt\u00edculo 6\u00ba.- Organismos de la Funci\u00f3n Ejecutiva y No<br \/>\nGubernamentales. Los organismos dependientes de la Funci\u00f3n Ejecutiva<br \/>\ncomo los no gubernamentales que pudieran crearse, deber\u00e1n remitir al<br \/>\nRegistro de Denuncias, los hechos de violencia intrafamiliar de los que<br \/>\ntuviesen conocimiento, en forma directa o indirecta.-<br \/>\nArt\u00edculo 7\u00ba.- Obligaci\u00f3n de denunciar. Todas las personas y entidades<br \/>\nmencionadas en el art. 7\u00ba de la ley 6580 deben cumplir con tal obligaci\u00f3n<br \/>\nde denunciar (art. 1071 del C.C.).-<br \/>\nArt\u00edculo 8\u00ba- Plazo para denunciar. La denuncia de los hechos de<br \/>\nviolencia a los que se refiere el art. 7\u00ba de la Ley 6580, deber\u00e1 efectuarse<br \/>\ndentro del plazo m\u00e1ximo de SETENTA Y DOS (72) horas de la toma de<br \/>\nconocimiento de la situaci\u00f3n de violencia, salvo que por motivos fundados<br \/>\nque hagan a la protecci\u00f3n de la seguridad de la v\u00edctima, resulte<br \/>\nconveniente interponerla en otro momento.-<br \/>\nArt\u00edculo 9\u00ba.- Asistencia letrada. No se requiere Asistencia Letrada para<br \/>\nformular las denuncias de los hechos de violencia, ni formalidad alguna.<br \/>\nSe garantiza la asistencia jur\u00eddica gratuita a las personas que lo requieran<br \/>\ny no cuenten con los recursos suficientes a trav\u00e9s del Estado y, de los<br \/>\norganismos p\u00fablicos de atenci\u00f3n jur\u00eddica comunitaria que se pudieran<br \/>\ncrear en el futuro.<br \/>\nArt\u00edculo 10\u00ba.- Diagn\u00f3stico de Interacci\u00f3n Familiar. Sin perjuicio de la<br \/>\nactuaci\u00f3n de los auxiliares de la Justicia que correspondan, para el<br \/>\ndiagn\u00f3stico de interacci\u00f3n familiar previsto en el art. 9 de la Ley 6580, el<br \/>\njuez competente podr\u00e1 requerir:<br \/>\na) Del cuerpo interdisciplinario previsto en el art.3\u00ba de esta<br \/>\nreglamentaci\u00f3n.<br \/>\nb) De la base de datos o registro de denuncias (art. 4\u00ba de esta<br \/>\nreglamentaci\u00f3n)<br \/>\nEl tratamiento de atenci\u00f3n tanto a la v\u00edctima, cuanto al agresor que se<br \/>\nindique deber\u00e1 ser llevado a cabo por las instituciones y organismos<br \/>\np\u00fablicos mencionados en el art. 2\u00ba del presente reglamento y\/o privadas<br \/>\nque est\u00e9n involucradas con la tem\u00e1tica, cuya coordinaci\u00f3n y seguimiento<br \/>\nde los casos estar\u00e1 a cargo del Consejo Provincial de la Mujer, a trav\u00e9s del<br \/>\nCentro de Asesoramiento a la V\u00edctima. El Consejo seguir\u00e1 al respecto las<br \/>\ninstrucciones del juez competente.<br \/>\nEl Consejo Provincial de la Mujer ser\u00e1 el organismo encargado de llevar el<br \/>\nRegistro de Organizaciones No Gubernamentales (ONG), existentes o que<br \/>\nen el futuro se creen, quien deber\u00e1 registrar aqu\u00e9llas que est\u00e9n en<br \/>\ncondiciones de aportar equipos interdisciplinarios para el diagn\u00f3stico y<br \/>\ntratamiento de la violencia familiar. La prestaci\u00f3n de los servicios en los<br \/>\ndepartamentos interdisciplinarios, se regir\u00e1 por la modalidad que se<br \/>\nestablezca por Resoluci\u00f3n conjunta de las \u00e1reas involucradas, quienes<br \/>\ndeterminar\u00e1n las exigencias sobre la integraci\u00f3n del equipo profesional y<br \/>\nalcance de su labor.<br \/>\nArt\u00edculo 11.- Cuerpo Policial Especializado. El Ministerio Coordinador<br \/>\nde Gobierno dispondr\u00e1 dentro de la Polic\u00eda de la provincia y con personal<br \/>\nque revista en el propio organismo, de un Cuerpo Policial Especializado<br \/>\ncon la debida sensibilizaci\u00f3n y capacitaci\u00f3n para atender y dar tr\u00e1mite a<br \/>\nlas denuncias de hechos de violencia que se presentaren, evitando la<br \/>\nvictimizaci\u00f3n de las personas que sufren la misma. Ser\u00e1 funci\u00f3n del<br \/>\nCuerpo Policial Especializado, actuar en auxilio de los jueces, cuando as\u00ed lo<br \/>\nrequieran y prestar\u00e1 servicios a los particulares ante situaciones de<br \/>\nviolencia familiar.<br \/>\nArt\u00edculo 12.- Difusi\u00f3n de la finalidad de la Ley 6.580. El Consejo<br \/>\nProvincial de la Mujer deber\u00e1 desarrollar informes permanentes,<br \/>\ncampa\u00f1as de educaci\u00f3n, capacitaci\u00f3n, prevenci\u00f3n de la violencia familiar y<br \/>\ndifusi\u00f3n de las finalidades de la Ley 6.580.<br \/>\nArt\u00edculo 13.- Recursos Humanos. La atenci\u00f3n de los servicios previstos<br \/>\nen el art. 1\u00ba de este reglamento y la integraci\u00f3n del Cuerpo<br \/>\nInterdisciplinario ser\u00e1 implementado con los recursos humanos,<br \/>\nmateriales y econ\u00f3micos existentes en la administraci\u00f3n p\u00fablica<br \/>\nprovincial. A estos fines se convocar\u00e1 al personal dependiente de los<br \/>\ndiversos organismos que la conforman, que re\u00fana las aptitudes<br \/>\npertinentes y desee integrar los mencionados servicios, para lo cual se<br \/>\nefectuar\u00e1n las adscripciones o afectaciones correspondientes.<br \/>\nDicha adscripci\u00f3n tendr\u00e1 por finalidad observar el desempe\u00f1o del agente,<br \/>\nque de resultar satisfactorio a juicio de la autoridad competente, implicar\u00e1<br \/>\nsu inmediata transferencia definitiva.<br \/>\nArt\u00edculo 14.- El presente decreto ser\u00e1 refrendado por el Se\u00f1or Ministro<br \/>\nCoordinador de Gobierno y suscripto por la se\u00f1ora secretaria del Consejo<br \/>\nProvincial de la Mujer.<br \/>\nArt\u00edculo 15.- Comun\u00edquese, publ\u00edquese en el Bolet\u00edn Oficial, ins\u00e9rtese en<br \/>\nel Registro Oficial y arch\u00edvese.<br \/>\nLa Rioja, 26 de octubre de 1999<\/p>\n","protected":false},"excerpt":{"rendered":"<p>La Rioja LEY 6.580 VIOLENCIA FAMILIAR La C\u00e1mara de Diputados de la Provincia de La Rioja sanciona con fuerza de ley: Art\u00edculo 1\u00ba .- La presente ley tiene por objeto: a) Prevenir, erradicar y sancionar todo tipo de violencia dentro del grupo familiar, en todo el \u00e1mbito de la provincia. b) Resguardar la instituci\u00f3n familiar [&hellip;]<\/p>\n","protected":false},"author":30,"featured_media":0,"parent":0,"menu_order":0,"comment_status":"closed","ping_status":"closed","template":"","meta":[],"_links":{"self":[{"href":"https:\/\/empleadospublicos.larioja.gob.ar\/RecursosHumanos\/wp-json\/wp\/v2\/pages\/5606"}],"collection":[{"href":"https:\/\/empleadospublicos.larioja.gob.ar\/RecursosHumanos\/wp-json\/wp\/v2\/pages"}],"about":[{"href":"https:\/\/empleadospublicos.larioja.gob.ar\/RecursosHumanos\/wp-json\/wp\/v2\/types\/page"}],"author":[{"embeddable":true,"href":"https:\/\/empleadospublicos.larioja.gob.ar\/RecursosHumanos\/wp-json\/wp\/v2\/users\/30"}],"replies":[{"embeddable":true,"href":"https:\/\/empleadospublicos.larioja.gob.ar\/RecursosHumanos\/wp-json\/wp\/v2\/comments?post=5606"}],"version-history":[{"count":1,"href":"https:\/\/empleadospublicos.larioja.gob.ar\/RecursosHumanos\/wp-json\/wp\/v2\/pages\/5606\/revisions"}],"predecessor-version":[{"id":5607,"href":"https:\/\/empleadospublicos.larioja.gob.ar\/RecursosHumanos\/wp-json\/wp\/v2\/pages\/5606\/revisions\/5607"}],"wp:attachment":[{"href":"https:\/\/empleadospublicos.larioja.gob.ar\/RecursosHumanos\/wp-json\/wp\/v2\/media?parent=5606"}],"curies":[{"name":"wp","href":"https:\/\/api.w.org\/{rel}","templated":true}]}}