{"id":5596,"date":"2022-10-05T21:30:28","date_gmt":"2022-10-06T00:30:28","guid":{"rendered":"https:\/\/empleadospublicos.larioja.gob.ar\/RecursosHumanos\/?page_id=5596"},"modified":"2022-10-05T21:34:46","modified_gmt":"2022-10-06T00:34:46","slug":"ley-provincial-n-9-240","status":"publish","type":"page","link":"https:\/\/empleadospublicos.larioja.gob.ar\/RecursosHumanos\/ley-provincial-n-9-240\/","title":{"rendered":"Ley Provincial N\u00b0 9.240"},"content":{"rendered":"<dl id=\"encabezado\" class=\"meta-info\">\n<dd>Ley 9.240<\/dd>\n<dd>LA RIOJA, 2 de Agosto de 2012<\/dd>\n<dd>Bolet\u00edn Oficial, 5 de Octubre de 2012<\/dd>\n<dd>Vigente, de alcance general<\/dd>\n<dd>Id SAIJ: LPF0009240<\/dd>\n<\/dl>\n<div id=\"partes\" class=\"cont-relacionado\">\n<div class=\"mb32 parte-estilo\">\n<div id=\"idd3\" class=\"column-content\">\n<div id=\"column-content-id\" class=\"column-content detalle-documento detalle-jurisprudencia\">\n<div id=\"content\" class=\"resultado-busqueda\">\n<ul class=\"glosar result-list detalle-documento detalle-norma\">\n<li id=\"texto\" class=\"result-item\">\n<div class=\"tab-panel\">\n<div id=\"div-texto\" class=\"reset\">\n<div>\n<div id=\"sancion-container\" class=\"mb24\">LA CAMARA DE DIPUTADOS DE LA PROVINCIA SANCIONA CON FUERZA DE LEY:<\/div>\n<div id=\"vistoConsiderando\" class=\"mb24\"><\/div>\n<div id=\"texto-norma-container\" class=\"mb24\">\n<div>\n<div id=\"parte_0\" class=\"titulo-anexo\"><\/div>\n<div class=\"mbbloque\">\n<p><span class=\"titart\">ART\u00cdCULO 1.-<\/span>\u00a0Implem\u00e9ntase con car\u00e1cter obligatorio el Estudio M\u00e9dico Anual de Prevenci\u00f3n y Tratamiento de Pr\u00f3stata, que deber\u00e1 ser realizado por todos los hombres mayores de cincuenta (50) a\u00f1os que pertenezcan a la Administraci\u00f3n P\u00fablica Provincial en sus tres Funciones, Entes Aut\u00e1rquicos, Organismos Descentralizados y Municipios que se adhieran a la presente ley.<\/p>\n<\/div>\n<\/div>\n<div>\n<div id=\"parte_1\" class=\"titulo-anexo\"><\/div>\n<div class=\"mbbloque\">\n<p><span class=\"titart\">ART\u00cdCULO 2.-<\/span>\u00a0La implementaci\u00f3n del Estudio M\u00e9dico de Prevenci\u00f3n y Tratamiento de Pr\u00f3stata, referido en el Art\u00edculo 1\u00b0 de la presente ley, deber\u00e1 realizarse conforme a lo dispuesto en el Anexo I, que forma parte integrante de la presente ley.<\/p>\n<\/div>\n<\/div>\n<div>\n<div id=\"parte_2\" class=\"titulo-anexo\"><\/div>\n<div class=\"mbbloque\">\n<p><span class=\"titart\">ART\u00cdCULO 3.-<\/span>\u00a0Para la implementaci\u00f3n anual obligatoria, dispuesta en el Art\u00edculo 1\u00b0 de la presente ley, se otorgar\u00e1 un permiso especial de dos (2) d\u00edas, en forma consecutiva o fraccionada, seg\u00fan lo solicite el agente, el que deber\u00e1 seguir el siguiente tr\u00e1mite:<\/p>\n<p>a) Presentar la solicitud en la Direcci\u00f3n de Personal, Oficina de Recursos Humanos, Reconocimientos M\u00e9dicos u otra que disponga la repartici\u00f3n a la que pertenezca.<\/p>\n<p>b) Entregar a la oficina pertinente las constancias que acrediten la realizaci\u00f3n de los estudios m\u00e9dicos aludidos. El incumplimiento de su presentaci\u00f3n traer\u00e1 aparejado el descuento correspondiente en los haberes del agente.<\/p>\n<\/div>\n<\/div>\n<div>\n<div id=\"parte_3\" class=\"titulo-anexo\"><\/div>\n<div class=\"mbbloque\">\n<p><span class=\"titart\">ART\u00cdCULO 4.-<\/span>\u00a0Except\u00faase del pago de Coseguro, dispuesto en el Art\u00edculo 10 de la Ley N\u00b0 7.212, a los afiliados de la Obra Social Provincial A.P.O.S., que se realicen los ex\u00e1menes m\u00e9dicos anuales obligatorios de Prevenci\u00f3n y Tratamiento de Pr\u00f3stata, dispuestos en la presente ley. Los gastos que demanden los mismos, deber\u00e1n ser solventados por la Obra Social.<\/p>\n<\/div>\n<\/div>\n<div>\n<div id=\"parte_4\" class=\"titulo-anexo\"><\/div>\n<div class=\"mbbloque\">\n<p><span class=\"titart\">ART\u00cdCULO 5.-<\/span>\u00a0El Ministerio de Salud P\u00fablica planificar\u00e1 una Campa\u00f1a de Concientizaci\u00f3n para la Prevenci\u00f3n y Tratamiento del C\u00e1ncer de Pr\u00f3stata e implementar\u00e1 la modalidad de atenci\u00f3n gratuita para los pacientes que no pertenezcan a la Planta de la Administraci\u00f3n P\u00fablica Provincial o carezcan de Obra Social.<\/p>\n<\/div>\n<\/div>\n<div>\n<div id=\"parte_5\" class=\"titulo-anexo\"><\/div>\n<div class=\"mbbloque\">\n<p><span class=\"titart\">ART\u00cdCULO 6.-<\/span>\u00a0Autor\u00edzase a la Funci\u00f3n Ejecutiva a realizar las modificaciones presupuestarias necesarias para el cumplimiento de lo dispuesto en la presente ley.<\/p>\n<\/div>\n<\/div>\n<div>\n<div id=\"parte_6\" class=\"titulo-anexo\"><\/div>\n<div class=\"mbbloque\">\n<p><span class=\"titart\">ART\u00cdCULO 7.-<\/span>\u00a0Comun\u00edquese, publ\u00edquese, ins\u00e9rtese en el Registro Oficial y arch\u00edvese.<\/p>\n<\/div>\n<\/div>\n<div class=\"mb24\">\n<p><strong>Firmantes<\/strong><\/p>\n<div class=\"texto-norma\">Sergio Guillermo Casas &#8211; Presidente 1\u00ba C\u00e1mara de Diputados &#8211; Jorge Ra\u00fal Machicote &#8211; Secretario Legislativo<\/div>\n<\/div>\n<div>\n<div id=\"parte_7\" class=\"titulo-anexo\">ANEXO I<\/div>\n<div class=\"mbbloque\"><\/div>\n<div class=\"mbbloque\"><\/div>\n<\/div>\n<div>\n<div id=\"parte_8\" class=\"titulo-anexo\"><\/div>\n<div class=\"mbbloque\">\n<p>La Prevenci\u00f3n abarca:<\/p>\n<p>Los estudios disponibles al momento de realizar el examen para detectar la patolog\u00eda.<\/p>\n<p>Poblaci\u00f3n Destinataria:<\/p>\n<p>Hombres mayores de cincuenta (50) a\u00f1os de edad, salvo que tenga antecedentes, en cuyo caso los controles de prevenci\u00f3n comenzar\u00edan diez (10) a\u00f1os antes del diagn\u00f3stico del antecedente.<\/p>\n<p>El Tratamiento del C\u00e1ncer de Pr\u00f3stata comprender\u00e1:<\/p>\n<p>Controles, estudios cl\u00ednicos, bioqu\u00edmicos, im\u00e1genes, con la finalidad de disminuir la mortalidad o mejor la calidad de vida de los pacientes que sufran esta patolog\u00eda, debiendo ser gratuito todo el tratamiento para los que sean atendidos en los Hospitales P\u00fablicos de la Provincia y carezcan de Obra Social, y con cobertura total del cien por ciento (100%) para los afiliados a la Obra Social Provincial (A.P.O.S.).<\/p>\n<\/div>\n<\/div>\n<div>\n<div class=\"titulo-anexo\"><\/div>\n<div class=\"mbbloque\"><\/div>\n<\/div>\n<\/div>\n<\/div>\n<\/div>\n<\/div>\n<\/li>\n<\/ul>\n<\/div>\n<\/div>\n<\/div>\n<\/div>\n<div class=\"mb32 parte-estilo\"><\/div>\n<\/div>\n<div class=\"tab-panel\">\n<div class=\"tab-row\"><\/div>\n<\/div>\n","protected":false},"excerpt":{"rendered":"<p>Ley 9.240 LA RIOJA, 2 de Agosto de 2012 Bolet\u00edn Oficial, 5 de Octubre de 2012 Vigente, de alcance general Id SAIJ: LPF0009240 LA CAMARA DE DIPUTADOS DE LA PROVINCIA SANCIONA CON FUERZA DE LEY: ART\u00cdCULO 1.-\u00a0Implem\u00e9ntase con car\u00e1cter obligatorio el Estudio M\u00e9dico Anual de Prevenci\u00f3n y Tratamiento de Pr\u00f3stata, que deber\u00e1 ser realizado por [&hellip;]<\/p>\n","protected":false},"author":30,"featured_media":0,"parent":0,"menu_order":0,"comment_status":"closed","ping_status":"closed","template":"","meta":[],"_links":{"self":[{"href":"https:\/\/empleadospublicos.larioja.gob.ar\/RecursosHumanos\/wp-json\/wp\/v2\/pages\/5596"}],"collection":[{"href":"https:\/\/empleadospublicos.larioja.gob.ar\/RecursosHumanos\/wp-json\/wp\/v2\/pages"}],"about":[{"href":"https:\/\/empleadospublicos.larioja.gob.ar\/RecursosHumanos\/wp-json\/wp\/v2\/types\/page"}],"author":[{"embeddable":true,"href":"https:\/\/empleadospublicos.larioja.gob.ar\/RecursosHumanos\/wp-json\/wp\/v2\/users\/30"}],"replies":[{"embeddable":true,"href":"https:\/\/empleadospublicos.larioja.gob.ar\/RecursosHumanos\/wp-json\/wp\/v2\/comments?post=5596"}],"version-history":[{"count":2,"href":"https:\/\/empleadospublicos.larioja.gob.ar\/RecursosHumanos\/wp-json\/wp\/v2\/pages\/5596\/revisions"}],"predecessor-version":[{"id":5602,"href":"https:\/\/empleadospublicos.larioja.gob.ar\/RecursosHumanos\/wp-json\/wp\/v2\/pages\/5596\/revisions\/5602"}],"wp:attachment":[{"href":"https:\/\/empleadospublicos.larioja.gob.ar\/RecursosHumanos\/wp-json\/wp\/v2\/media?parent=5596"}],"curies":[{"name":"wp","href":"https:\/\/api.w.org\/{rel}","templated":true}]}}