{"id":4694,"date":"2021-04-21T12:07:26","date_gmt":"2021-04-21T15:07:26","guid":{"rendered":"https:\/\/empleadospublicos.larioja.gob.ar\/?page_id=4694"},"modified":"2025-12-05T08:36:19","modified_gmt":"2025-12-05T11:36:19","slug":"requisitos-para-agentes-designados-2","status":"publish","type":"page","link":"https:\/\/empleadospublicos.larioja.gob.ar\/RecursosHumanos\/requisitos-para-agentes-designados-2\/","title":{"rendered":"Requisitos para Agentes Designados"},"content":{"rendered":"\t\t<div data-elementor-type=\"wp-page\" data-elementor-id=\"4694\" class=\"elementor elementor-4694\">\n\t\t\t\t\t\t<div class=\"elementor-inner\">\n\t\t\t\t<div class=\"elementor-section-wrap\">\n\t\t\t\t\t\t\t\t\t<section class=\"elementor-section elementor-top-section elementor-element elementor-element-34924cc elementor-section-boxed elementor-section-height-default elementor-section-height-default\" data-id=\"34924cc\" data-element_type=\"section\">\n\t\t\t\t\t\t<div class=\"elementor-container elementor-column-gap-default\">\n\t\t\t\t\t\t\t<div class=\"elementor-row\">\n\t\t\t\t\t<div class=\"elementor-column elementor-col-100 elementor-top-column elementor-element elementor-element-6f838f4\" data-id=\"6f838f4\" data-element_type=\"column\">\n\t\t\t<div class=\"elementor-column-wrap elementor-element-populated\">\n\t\t\t\t\t\t\t<div class=\"elementor-widget-wrap\">\n\t\t\t\t\t\t<div class=\"elementor-element elementor-element-b36c98c elementor-widget elementor-widget-heading\" data-id=\"b36c98c\" data-element_type=\"widget\" data-widget_type=\"heading.default\">\n\t\t\t\t<div class=\"elementor-widget-container\">\n\t\t\t<h2 class=\"elementor-heading-title elementor-size-default\">Requisitos para Agentes Designados<\/h2>\t\t<\/div>\n\t\t\t\t<\/div>\n\t\t\t\t\t\t<\/div>\n\t\t\t\t\t<\/div>\n\t\t<\/div>\n\t\t\t\t\t\t\t\t<\/div>\n\t\t\t\t\t<\/div>\n\t\t<\/section>\n\t\t\t\t<section class=\"elementor-section elementor-top-section elementor-element elementor-element-2e095b0b elementor-section-boxed elementor-section-height-default elementor-section-height-default\" data-id=\"2e095b0b\" data-element_type=\"section\">\n\t\t\t\t\t\t<div class=\"elementor-container elementor-column-gap-default\">\n\t\t\t\t\t\t\t<div class=\"elementor-row\">\n\t\t\t\t\t<div class=\"elementor-column elementor-col-100 elementor-top-column elementor-element elementor-element-ab3ec66\" data-id=\"ab3ec66\" data-element_type=\"column\">\n\t\t\t<div class=\"elementor-column-wrap elementor-element-populated\">\n\t\t\t\t\t\t\t<div class=\"elementor-widget-wrap\">\n\t\t\t\t\t\t<div class=\"elementor-element elementor-element-129ba50f elementor-widget elementor-widget-text-editor\" data-id=\"129ba50f\" data-element_type=\"widget\" data-widget_type=\"text-editor.default\">\n\t\t\t\t<div class=\"elementor-widget-container\">\n\t\t\t\t\t\t\t\t<div class=\"elementor-text-editor elementor-clearfix\">\n\t\t\t\t<ol><li><span dir=\"ltr\">Fotocopia de D.N.I. <\/span><\/li><li><span dir=\"ltr\">Fotocopia de CUIL expedido por el <\/span><a href=\"https:\/\/www.anses.gob.ar\/consulta\/constancia-de-cuil\"><strong><span dir=\"ltr\">ANSES<\/span><\/strong><\/a><span dir=\"ltr\">. <\/span><\/li><li><span dir=\"ltr\">Decreto de Designaci\u00f3n. <\/span><\/li><li><span dir=\"ltr\">Foto Carnet (1). <\/span><\/li><li><span dir=\"ltr\">Grupo Sangu\u00edneo. <\/span><\/li><li><span dir=\"ltr\">Certificado Actual de Domicilio. <\/span><\/li><li><span dir=\"ltr\">Carpeta Colgante con Visor (color naranja y bordes met\u00e1licos). <\/span><\/li><li><span dir=\"ltr\">Nota de Fecha de Toma de Cargo, Firmada por el Jefe Inmediato Superior. <\/span><\/li><li><span dir=\"ltr\">Certificados Antecedentes, (Dir. Gral. De Investigaci\u00f3n Polic\u00eda de La Rioja). <\/span><\/li><li><span dir=\"ltr\">Certificado emitido por el <\/span><strong><span dir=\"ltr\"><a href=\"https:\/\/redam.larioja.gov.ar\/\">REDAM<\/a>\u00a0<\/span><\/strong><span dir=\"ltr\">(Registro de Deudores Alimentarios en Mora).<\/span><\/li><li><span dir=\"ltr\">Completar e imprimir el Formulario Legajo Personal<\/span><\/li><li><span dir=\"ltr\"><a href=\"https:\/\/www.argentina.gob.ar\/servicio\/obtener-certificacion-negativa-de-anses\">Certificacion Negativa del ANSES <\/a><br \/><\/span><\/li><\/ol>\t\t\t\t\t<\/div>\n\t\t\t\t\t\t<\/div>\n\t\t\t\t<\/div>\n\t\t\t\t\t\t<\/div>\n\t\t\t\t\t<\/div>\n\t\t<\/div>\n\t\t\t\t\t\t\t\t<\/div>\n\t\t\t\t\t<\/div>\n\t\t<\/section>\n\t\t\t\t<section class=\"elementor-section elementor-top-section elementor-element elementor-element-9910b37 elementor-section-boxed elementor-section-height-default elementor-section-height-default\" data-id=\"9910b37\" data-element_type=\"section\">\n\t\t\t\t\t\t<div class=\"elementor-container elementor-column-gap-default\">\n\t\t\t\t\t\t\t<div class=\"elementor-row\">\n\t\t\t\t\t<div class=\"elementor-column elementor-col-100 elementor-top-column elementor-element elementor-element-069f38a\" data-id=\"069f38a\" data-element_type=\"column\">\n\t\t\t<div class=\"elementor-column-wrap elementor-element-populated\">\n\t\t\t\t\t\t\t<div class=\"elementor-widget-wrap\">\n\t\t\t\t\t\t<div class=\"elementor-element elementor-element-9e3e3af elementor-view-default elementor-mobile-position-top elementor-vertical-align-top elementor-widget elementor-widget-icon-box\" data-id=\"9e3e3af\" data-element_type=\"widget\" data-widget_type=\"icon-box.default\">\n\t\t\t\t<div class=\"elementor-widget-container\">\n\t\t\t\t\t<div class=\"elementor-icon-box-wrapper\">\n\t\t\t\t\t\t<div class=\"elementor-icon-box-icon\">\n\t\t\t\t<a class=\"elementor-icon elementor-animation-grow\" href=\"https:\/\/empleadospublicos.larioja.gob.ar\/RecursosHumanos\/wp-content\/uploads\/2025\/12\/F.-LegajoPersonal2026.pdf\" target=\"_blank\">\n\t\t\t\t<i aria-hidden=\"true\" class=\"fas fa-file-pdf\"><\/i>\t\t\t\t<\/a>\n\t\t\t<\/div>\n\t\t\t\t\t\t<div class=\"elementor-icon-box-content\">\n\t\t\t\t<h3 class=\"elementor-icon-box-title\">\n\t\t\t\t\t<a href=\"https:\/\/empleadospublicos.larioja.gob.ar\/RecursosHumanos\/wp-content\/uploads\/2025\/12\/F.-LegajoPersonal2026.pdf\" target=\"_blank\" >\n\t\t\t\t\t\tFormulario Legajo Personal\t\t\t\t\t<\/a>\n\t\t\t\t<\/h3>\n\t\t\t\t\t\t\t<\/div>\n\t\t<\/div>\n\t\t\t\t<\/div>\n\t\t\t\t<\/div>\n\t\t\t\t\t\t<\/div>\n\t\t\t\t\t<\/div>\n\t\t<\/div>\n\t\t\t\t\t\t\t\t<\/div>\n\t\t\t\t\t<\/div>\n\t\t<\/section>\n\t\t\t\t<section class=\"elementor-section elementor-top-section elementor-element elementor-element-d7dfcc2 elementor-section-boxed elementor-section-height-default elementor-section-height-default\" data-id=\"d7dfcc2\" data-element_type=\"section\">\n\t\t\t\t\t\t<div class=\"elementor-container elementor-column-gap-default\">\n\t\t\t\t\t\t\t<div class=\"elementor-row\">\n\t\t\t\t\t<div class=\"elementor-column elementor-col-100 elementor-top-column elementor-element elementor-element-e87e62a\" data-id=\"e87e62a\" data-element_type=\"column\">\n\t\t\t<div class=\"elementor-column-wrap elementor-element-populated\">\n\t\t\t\t\t\t\t<div class=\"elementor-widget-wrap\">\n\t\t\t\t\t\t<div class=\"elementor-element elementor-element-2df413d elementor-widget elementor-widget-heading\" data-id=\"2df413d\" data-element_type=\"widget\" data-widget_type=\"heading.default\">\n\t\t\t\t<div class=\"elementor-widget-container\">\n\t\t\t<h2 class=\"elementor-heading-title elementor-size-default\">Actos administrativos que se agregan para poder percibir los siguientes adicionales:<\/h2>\t\t<\/div>\n\t\t\t\t<\/div>\n\t\t\t\t\t\t<\/div>\n\t\t\t\t\t<\/div>\n\t\t<\/div>\n\t\t\t\t\t\t\t\t<\/div>\n\t\t\t\t\t<\/div>\n\t\t<\/section>\n\t\t\t\t<section class=\"elementor-section elementor-top-section elementor-element elementor-element-5ef6256 elementor-section-boxed elementor-section-height-default elementor-section-height-default\" data-id=\"5ef6256\" data-element_type=\"section\">\n\t\t\t\t\t\t<div class=\"elementor-container elementor-column-gap-default\">\n\t\t\t\t\t\t\t<div class=\"elementor-row\">\n\t\t\t\t\t<div class=\"elementor-column elementor-col-100 elementor-top-column elementor-element elementor-element-9fa180e\" data-id=\"9fa180e\" data-element_type=\"column\">\n\t\t\t<div class=\"elementor-column-wrap elementor-element-populated\">\n\t\t\t\t\t\t\t<div class=\"elementor-widget-wrap\">\n\t\t\t\t\t\t<div class=\"elementor-element elementor-element-d1f2f4d elementor-widget elementor-widget-text-editor\" data-id=\"d1f2f4d\" data-element_type=\"widget\" data-widget_type=\"text-editor.default\">\n\t\t\t\t<div class=\"elementor-widget-container\">\n\t\t\t\t\t\t\t\t<div class=\"elementor-text-editor elementor-clearfix\">\n\t\t\t\t<ol><li><span dir=\"ltr\">Fotocopia de T\u00edtulo (si tuviera), debidamente Registrado y Autenticado por el Registro Provincial d<\/span><span dir=\"ltr\">e Certificados y T\u00edtulos. <\/span><\/li><li><span dir=\"ltr\">Si el Agente Designado, posee T\u00edtulo Universitario, deber\u00e1 Adjuntar Certificado Firmado por <\/span><span dir=\"ltr\">el Jefe Inmediato Superior, donde conste la realizaci\u00f3n de tareas inherentes al T\u00edtulo <\/span><span dir=\"ltr\">Profesional que posee ( esto es para percibir el pago del Suplemento por Responsabilidad <\/span><span dir=\"ltr\">Profesional). <\/span><\/li><li><span dir=\"ltr\">Se reconocer\u00e1n como validas para la liquidaci\u00f3n del adicional por t\u00edtulo a las \u00abcertificaciones provisorias\u00bb que otorguen a sus egresados los distintos niveles de educaci\u00f3n (secundario, terciario, universitario) cual acredite, la constancia firmada por la autoridad correspondiente y que a su vez el t\u00edtulo se encuentre en \u00abetapa de gesti\u00f3n administrativa\u00bb con su certificaci\u00f3n final para el otorgamiento.<\/span><\/li><li><span dir=\"ltr\">En caso de ser Profesionales presentar el Formulario F-02 (Declaracion Jurada de Cargos.)<br \/><\/span><\/li><\/ol>\t\t\t\t\t<\/div>\n\t\t\t\t\t\t<\/div>\n\t\t\t\t<\/div>\n\t\t\t\t\t\t<\/div>\n\t\t\t\t\t<\/div>\n\t\t<\/div>\n\t\t\t\t\t\t\t\t<\/div>\n\t\t\t\t\t<\/div>\n\t\t<\/section>\n\t\t\t\t<section class=\"elementor-section elementor-top-section elementor-element elementor-element-c673e38 elementor-section-boxed elementor-section-height-default elementor-section-height-default\" data-id=\"c673e38\" data-element_type=\"section\">\n\t\t\t\t\t\t<div class=\"elementor-container elementor-column-gap-default\">\n\t\t\t\t\t\t\t<div class=\"elementor-row\">\n\t\t\t\t\t<div class=\"elementor-column elementor-col-100 elementor-top-column elementor-element elementor-element-2cf7828\" data-id=\"2cf7828\" data-element_type=\"column\">\n\t\t\t<div class=\"elementor-column-wrap elementor-element-populated\">\n\t\t\t\t\t\t\t<div class=\"elementor-widget-wrap\">\n\t\t\t\t\t\t<div class=\"elementor-element elementor-element-4bce132 elementor-widget elementor-widget-heading\" data-id=\"4bce132\" data-element_type=\"widget\" data-widget_type=\"heading.default\">\n\t\t\t\t<div class=\"elementor-widget-container\">\n\t\t\t<h2 class=\"elementor-heading-title elementor-size-default\">Pago del Salario Familiar (si tuviera)<\/h2>\t\t<\/div>\n\t\t\t\t<\/div>\n\t\t\t\t\t\t<\/div>\n\t\t\t\t\t<\/div>\n\t\t<\/div>\n\t\t\t\t\t\t\t\t<\/div>\n\t\t\t\t\t<\/div>\n\t\t<\/section>\n\t\t\t\t<section class=\"elementor-section elementor-top-section elementor-element elementor-element-f8ce25a elementor-section-boxed elementor-section-height-default elementor-section-height-default\" data-id=\"f8ce25a\" data-element_type=\"section\">\n\t\t\t\t\t\t<div class=\"elementor-container elementor-column-gap-default\">\n\t\t\t\t\t\t\t<div class=\"elementor-row\">\n\t\t\t\t\t<div class=\"elementor-column elementor-col-100 elementor-top-column elementor-element elementor-element-16973a5\" data-id=\"16973a5\" data-element_type=\"column\">\n\t\t\t<div class=\"elementor-column-wrap elementor-element-populated\">\n\t\t\t\t\t\t\t<div class=\"elementor-widget-wrap\">\n\t\t\t\t\t\t<div class=\"elementor-element elementor-element-da85d60 elementor-widget elementor-widget-text-editor\" data-id=\"da85d60\" data-element_type=\"widget\" data-widget_type=\"text-editor.default\">\n\t\t\t\t<div class=\"elementor-widget-container\">\n\t\t\t\t\t\t\t\t<div class=\"elementor-text-editor elementor-clearfix\">\n\t\t\t\t<ol><li><span dir=\"ltr\">Actas de Nacimientos de Hijos, debidamente Autenticadas por la Direcci\u00f3n Gral. Registro <\/span><span dir=\"ltr\">Civil de las personas. <\/span><\/li><li><span dir=\"ltr\">Fotocopias de D.N.I. de los Hijos. <\/span><\/li><li><span dir=\"ltr\">Certificados escolares. <\/span><\/li><li><span dir=\"ltr\">Si el agente, <\/span><strong><em><span dir=\"ltr\">es mujer<\/span><\/em><\/strong><span dir=\"ltr\">, deber\u00e1 adjuntar certificado de trabajo del padre de los hijos, en donde <\/span><span dir=\"ltr\">conste <em><strong>la <\/strong><\/em><\/span><em><strong><span dir=\"ltr\">PERCEPCION o NO<\/span><\/strong><\/em><span dir=\"ltr\">, del pago del Salario familiar, si trabaja en relaci\u00f3n de <\/span><span dir=\"ltr\">Dependencia o si es Independiente, deber\u00e1 adjuntar\u00a0<\/span><span dir=\"ltr\"> <a href=\"https:\/\/www.anses.gob.ar\/consultas\/certificacion-negativa\">Certificaci\u00f3n Negativa<\/a>.<\/span><\/li><li><span dir=\"ltr\">Si el agente, <\/span><em><strong><span dir=\"ltr\">es Hombre<\/span><\/strong><\/em><span dir=\"ltr\">, deber\u00e1 adjuntar certificado de trabajo de la madre de los hijos en <\/span><span dir=\"ltr\">donde conste la <\/span><span dir=\"ltr\"><em><strong>PERCEPCION o NO<\/strong><\/em>,<\/span><span dir=\"ltr\">del pago del Salario familiar, si trabaja en relaci\u00f3n de <\/span><span dir=\"ltr\">Dependencia o si es Independiente, deber\u00e1 adjuntar <a href=\"https:\/\/www.anses.gob.ar\/consultas\/certificacion-negativa\">Certificaci\u00f3n Negativa<\/a> del <\/span><span dir=\"ltr\"><strong>ANSES<\/strong>. <\/span><\/li><li><span dir=\"ltr\">Acta de Matrimonio, debidamente autenticada por la Direcci\u00f3n Gral. De Registro Civil de las <\/span><span dir=\"ltr\">personas y fotocopia simple de la esposa.<\/span><\/li><\/ol>\t\t\t\t\t<\/div>\n\t\t\t\t\t\t<\/div>\n\t\t\t\t<\/div>\n\t\t\t\t\t\t<\/div>\n\t\t\t\t\t<\/div>\n\t\t<\/div>\n\t\t\t\t\t\t\t\t<\/div>\n\t\t\t\t\t<\/div>\n\t\t<\/section>\n\t\t\t\t\t\t\t\t\t<\/div>\n\t\t\t<\/div>\n\t\t\t\t\t<\/div>\n\t\t","protected":false},"excerpt":{"rendered":"<p>Requisitos para Agentes Designados Fotocopia de D.N.I. Fotocopia de CUIL expedido por el ANSES. Decreto de Designaci\u00f3n. Foto Carnet (1). Grupo Sangu\u00edneo. Certificado Actual de Domicilio. Carpeta Colgante con Visor (color naranja y bordes met\u00e1licos). Nota de Fecha de Toma de Cargo, Firmada por el Jefe Inmediato Superior. Certificados Antecedentes, (Dir. Gral. De Investigaci\u00f3n Polic\u00eda [&hellip;]<\/p>\n","protected":false},"author":30,"featured_media":0,"parent":0,"menu_order":0,"comment_status":"closed","ping_status":"closed","template":"","meta":[],"_links":{"self":[{"href":"https:\/\/empleadospublicos.larioja.gob.ar\/RecursosHumanos\/wp-json\/wp\/v2\/pages\/4694"}],"collection":[{"href":"https:\/\/empleadospublicos.larioja.gob.ar\/RecursosHumanos\/wp-json\/wp\/v2\/pages"}],"about":[{"href":"https:\/\/empleadospublicos.larioja.gob.ar\/RecursosHumanos\/wp-json\/wp\/v2\/types\/page"}],"author":[{"embeddable":true,"href":"https:\/\/empleadospublicos.larioja.gob.ar\/RecursosHumanos\/wp-json\/wp\/v2\/users\/30"}],"replies":[{"embeddable":true,"href":"https:\/\/empleadospublicos.larioja.gob.ar\/RecursosHumanos\/wp-json\/wp\/v2\/comments?post=4694"}],"version-history":[{"count":3,"href":"https:\/\/empleadospublicos.larioja.gob.ar\/RecursosHumanos\/wp-json\/wp\/v2\/pages\/4694\/revisions"}],"predecessor-version":[{"id":7004,"href":"https:\/\/empleadospublicos.larioja.gob.ar\/RecursosHumanos\/wp-json\/wp\/v2\/pages\/4694\/revisions\/7004"}],"wp:attachment":[{"href":"https:\/\/empleadospublicos.larioja.gob.ar\/RecursosHumanos\/wp-json\/wp\/v2\/media?parent=4694"}],"curies":[{"name":"wp","href":"https:\/\/api.w.org\/{rel}","templated":true}]}}