{"id":3379,"date":"2019-06-11T09:42:37","date_gmt":"2019-06-11T12:42:37","guid":{"rendered":"https:\/\/empleadospublicos.larioja.gov.ar\/?page_id=3379"},"modified":"2023-01-23T12:03:26","modified_gmt":"2023-01-23T15:03:26","slug":"asignaciones-familiares","status":"publish","type":"page","link":"https:\/\/empleadospublicos.larioja.gob.ar\/RecursosHumanos\/asignaciones-familiares\/","title":{"rendered":"Asignaciones Familiares"},"content":{"rendered":"\t\t<div data-elementor-type=\"wp-post\" data-elementor-id=\"3379\" class=\"elementor elementor-3379\">\n\t\t\t\t\t\t<div class=\"elementor-inner\">\n\t\t\t\t<div class=\"elementor-section-wrap\">\n\t\t\t\t\t\t\t\t\t<section class=\"elementor-section elementor-top-section elementor-element elementor-element-55e81f1 elementor-section-boxed elementor-section-height-default elementor-section-height-default\" data-id=\"55e81f1\" data-element_type=\"section\">\n\t\t\t\t\t\t<div class=\"elementor-container elementor-column-gap-default\">\n\t\t\t\t\t\t\t<div class=\"elementor-row\">\n\t\t\t\t\t<div class=\"elementor-column elementor-col-100 elementor-top-column elementor-element elementor-element-74d5be9\" data-id=\"74d5be9\" data-element_type=\"column\">\n\t\t\t<div class=\"elementor-column-wrap elementor-element-populated\">\n\t\t\t\t\t\t\t<div class=\"elementor-widget-wrap\">\n\t\t\t\t\t\t<div class=\"elementor-element elementor-element-640de68 elementor-widget elementor-widget-heading\" data-id=\"640de68\" data-element_type=\"widget\" data-widget_type=\"heading.default\">\n\t\t\t\t<div class=\"elementor-widget-container\">\n\t\t\t<h2 class=\"elementor-heading-title elementor-size-default\">Tr\u00e1mites<\/h2>\t\t<\/div>\n\t\t\t\t<\/div>\n\t\t\t\t<div class=\"elementor-element elementor-element-87b7c16 elementor-widget elementor-widget-toggle\" data-id=\"87b7c16\" data-element_type=\"widget\" data-widget_type=\"toggle.default\">\n\t\t\t\t<div class=\"elementor-widget-container\">\n\t\t\t\t\t<div class=\"elementor-toggle\" role=\"tablist\">\n\t\t\t\t\t\t\t<div class=\"elementor-toggle-item\">\n\t\t\t\t\t<div id=\"elementor-tab-title-1421\" class=\"elementor-tab-title\" data-tab=\"1\" role=\"tab\" aria-controls=\"elementor-tab-content-1421\" aria-expanded=\"false\">\n\t\t\t\t\t\t\t\t\t\t\t\t<span class=\"elementor-toggle-icon elementor-toggle-icon-left\" aria-hidden=\"true\">\n\t\t\t\t\t\t\t\t\t\t\t\t\t\t\t<span class=\"elementor-toggle-icon-closed\"><i class=\"fas fa-plus\"><\/i><\/span>\n\t\t\t\t\t\t\t\t<span class=\"elementor-toggle-icon-opened\"><i class=\"elementor-toggle-icon-opened fas fa-minus\"><\/i><\/span>\n\t\t\t\t\t\t\t\t\t\t\t\t\t<\/span>\n\t\t\t\t\t\t\t\t\t\t\t\t<a href=\"\" class=\"elementor-toggle-title\">Asignaci\u00f3n por Hijo<\/a>\n\t\t\t\t\t<\/div>\n\n\t\t\t\t\t<div id=\"elementor-tab-content-1421\" class=\"elementor-tab-content elementor-clearfix\" data-tab=\"1\" role=\"tabpanel\" aria-labelledby=\"elementor-tab-title-1421\"><div class=\"tramite\"><div class=\"row tramite-item\"><div class=\"col-xs-12 col-sm-4\"><h2 class=\"text-primary titulo\">\u00bfEn qu\u00e9 consiste la Asignaci\u00f3n?<\/h2><\/div><div class=\"col-xs-12 col-sm-8 descripcion\">Consiste en el pago de una suma mensual por cada hijo menor de 13 a\u00f1os de edad, que se encuentre a cargo del Agente.\u00a0El pago podr\u00e1 extenderse hasta los 21 a\u00f1os, cuando el hijo del Agente concurra regularmente a establecimientos oficiales (p\u00fablicos o privados) donde se imparta ense\u00f1anza.<\/div><\/div><div class=\"tramite\"><div class=\"row tramite-item\"><div class=\"col-xs-12 col-sm-4\"><h2 class=\"text-primary titulo\">Requisitos para el cobro<\/h2><\/div><div class=\"col-xs-12 col-sm-8 descripcion\"><p>Deber\u00e1 presentar:<\/p><ul><li>Nota de Solicitud de Pago dirigida al titular de la <strong>Subsecretaria de Gesti\u00f3n del Capital Humano<\/strong>, donde se adjunte la siguiente documentaci\u00f3n:<\/li><li>El Acta de Nacimiento. Legalizada por el Registro Civil y Capacidad de las Personas. En los casos de Adopci\u00f3n, Guarda, Tenencia o Tutela, presentar copia certificada de la Sentencia Judicial.<\/li><li>Fotocopia del Documento.<\/li><li>El Certificado de Escolaridad, al inicio y a la finalizaci\u00f3n del Ciclo Lectivo de cada a\u00f1o, en su \u00e1rea de dependencia.<\/li><li>En todos los casos, el Agente que solicita deber\u00e1 acreditar que la madre o el padre del o de los menores no percibe Asignaci\u00f3n alguna.<\/li><\/ul><p>Se podr\u00e1 acreditar esta situaci\u00f3n con las siguientes justificaciones: Certificado de <a href=\"https:\/\/www.anses.gob.ar\/consulta\/certificacion-negativa\">Negatividad del ANSES<\/a>, copias de Recibo de Haberes, Certificaciones de Trabajo o todo otro elemento probatorio que alcance para verificar el no cobro.<\/p><\/div><\/div><\/div><\/div><\/div>\n\t\t\t\t<\/div>\n\t\t\t\t\t\t\t<div class=\"elementor-toggle-item\">\n\t\t\t\t\t<div id=\"elementor-tab-title-1422\" class=\"elementor-tab-title\" data-tab=\"2\" role=\"tab\" aria-controls=\"elementor-tab-content-1422\" aria-expanded=\"false\">\n\t\t\t\t\t\t\t\t\t\t\t\t<span class=\"elementor-toggle-icon elementor-toggle-icon-left\" aria-hidden=\"true\">\n\t\t\t\t\t\t\t\t\t\t\t\t\t\t\t<span class=\"elementor-toggle-icon-closed\"><i class=\"fas fa-plus\"><\/i><\/span>\n\t\t\t\t\t\t\t\t<span class=\"elementor-toggle-icon-opened\"><i class=\"elementor-toggle-icon-opened fas fa-minus\"><\/i><\/span>\n\t\t\t\t\t\t\t\t\t\t\t\t\t<\/span>\n\t\t\t\t\t\t\t\t\t\t\t\t<a href=\"\" class=\"elementor-toggle-title\">Asignaci\u00f3n por Hijo con Otras Capacidades<\/a>\n\t\t\t\t\t<\/div>\n\n\t\t\t\t\t<div id=\"elementor-tab-content-1422\" class=\"elementor-tab-content elementor-clearfix\" data-tab=\"2\" role=\"tabpanel\" aria-labelledby=\"elementor-tab-title-1422\"><div class=\"tramite\"><div class=\"row tramite-item\"><div class=\"col-xs-12 col-sm-4\"><h2 class=\"text-primary titulo\">\u00bfEn qu\u00e9 consiste esta Asignaci\u00f3n?<\/h2><\/div><div class=\"col-xs-12 col-sm-8 descripcion\">Consiste en el pago de una suma de dinero mensual, que se abonar\u00e1 al Agente por cada hijo que se encuentre a su cargo en esa condici\u00f3n, sin l\u00edmite de edad, a partir del mes en que se acredite tal condici\u00f3n ante la <strong>Subsecretaria de Gesti\u00f3n del Capital Human<\/strong>o, con el Certificado M\u00e9dico otorgado por el Ministerio de Salud u Organismo competente autorizado.<\/div><\/div><div class=\"row tramite-item\"><div class=\"col-xs-12 col-sm-4\"><h2 class=\"text-primary titulo\">\u00bfRequisitos para el cobro?<\/h2><\/div><div class=\"col-xs-12 col-sm-8 descripcion\"><div id=\"\"><p>Deber\u00e1 presentar:<\/p><ul><li>Nota de Solicitud de Pago dirigida al titular de la <strong>Subsecretaria de Gesti\u00f3n del Capital Humano<\/strong>, donde se adjunte la siguiente documentaci\u00f3n:<\/li><li>El Acta de Nacimiento legalizada por el Registro Civil y Capacidad de las Personas. En los casos de Adopci\u00f3n, Guarda, Tenencia o Tutela, presentar copia certificada de la sentencia judicial.<\/li><li>Fotocopia del Documento.<\/li><li>Certificado de Discapacidad que emite la Junta M\u00e9dica de Discapacidad, u otros Organismos Oficiales competentes que acrediten la discapacidad.<\/li><\/ul><\/div><\/div><\/div><\/div><\/div>\n\t\t\t\t<\/div>\n\t\t\t\t\t\t\t<div class=\"elementor-toggle-item\">\n\t\t\t\t\t<div id=\"elementor-tab-title-1423\" class=\"elementor-tab-title\" data-tab=\"3\" role=\"tab\" aria-controls=\"elementor-tab-content-1423\" aria-expanded=\"false\">\n\t\t\t\t\t\t\t\t\t\t\t\t<span class=\"elementor-toggle-icon elementor-toggle-icon-left\" aria-hidden=\"true\">\n\t\t\t\t\t\t\t\t\t\t\t\t\t\t\t<span class=\"elementor-toggle-icon-closed\"><i class=\"fas fa-plus\"><\/i><\/span>\n\t\t\t\t\t\t\t\t<span class=\"elementor-toggle-icon-opened\"><i class=\"elementor-toggle-icon-opened fas fa-minus\"><\/i><\/span>\n\t\t\t\t\t\t\t\t\t\t\t\t\t<\/span>\n\t\t\t\t\t\t\t\t\t\t\t\t<a href=\"\" class=\"elementor-toggle-title\">Asignaci\u00f3n Prenatal<\/a>\n\t\t\t\t\t<\/div>\n\n\t\t\t\t\t<div id=\"elementor-tab-content-1423\" class=\"elementor-tab-content elementor-clearfix\" data-tab=\"3\" role=\"tabpanel\" aria-labelledby=\"elementor-tab-title-1423\"><div class=\"tramite\"><div class=\"row tramite-item\"><div class=\"col-xs-12 col-sm-4\"><h2 class=\"text-primary titulo\">\u00bfEn qu\u00e9 consiste esta Asignaci\u00f3n?<\/h2><\/div><div class=\"col-xs-12 col-sm-8 descripcion\"><p>Consiste en el pago de una suma de dinero mensual, que se abonar\u00e1 durante el tiempo que dure la gestaci\u00f3n. El embarazo debe acreditarse ante la Dir. Gral. de RR.HH. u Organismos Similares, mediante Certificado M\u00e9dico convalidado por Reconocimientos M\u00e9dicos de la Provincia o Hospital Distrital en el Interior Provincial, y se har\u00e1 efectivo a partir del tercer mes en los siguientes casos:<\/p><ul><li>Mujer que preste servicios en la Administraci\u00f3n P\u00fablica Provincial y\/o Municipal, cualquiera sea su estado civil.<\/li><li>Esposo, siempre y cuando este legalmente casado o presentando certificaci\u00f3n de uni\u00f3n convivencial expedida por el Registro Civil y Capacidad de las Personas, y acredite fehacientemente que dicha asignaci\u00f3n, no es percibida por su c\u00f3nyuge, en orden a su situaci\u00f3n laboral.<\/li><\/ul><p><strong>El pago de esta Asignaci\u00f3n cesar\u00e1:<\/strong><\/p><ol><li>Por el parto, aun cuando se produzca antes de los 9 meses de iniciado el embarazo.<\/li><li>Por aborto espont\u00e1neo o terap\u00e9utico.<\/li><li>Por terminaci\u00f3n o cesaci\u00f3n de tareas del Agente en la Administraci\u00f3n P\u00fablica Provincial y\/o Municipal.<\/li><\/ol><p>El parto con nacimiento m\u00faltiple no genera derecho a percepci\u00f3n de suma adicional alguna.<\/p><\/div><\/div><div class=\"row tramite-item\"><div class=\"col-xs-12 col-sm-4\"><h2 class=\"text-primary titulo\">\u00bfRequisitos para el cobro?<\/h2><\/div><div class=\"col-xs-12 col-sm-8 descripcion\"><p>Deber\u00e1 presentar:<\/p><ul><li>Nota de \u00a0Solicitud de Pago dirigida al titular de la <strong>Subsecretaria de Gesti\u00f3n del Capital Humano<\/strong>, donde se adjunte la siguiente documentaci\u00f3n:<\/li><li>Certificado M\u00e9dico, convalidado por Reconocimientos M\u00e9dicos de la Provincia u Organismo P\u00fablico de Salud\u00a0que lo reemplace en el interior de la Provincia, en el que conste las semanas de gestaci\u00f3n y la fecha probable de parto.<\/li><\/ul><\/div><\/div><\/div><\/div>\n\t\t\t\t<\/div>\n\t\t\t\t\t\t\t<div class=\"elementor-toggle-item\">\n\t\t\t\t\t<div id=\"elementor-tab-title-1424\" class=\"elementor-tab-title\" data-tab=\"4\" role=\"tab\" aria-controls=\"elementor-tab-content-1424\" aria-expanded=\"false\">\n\t\t\t\t\t\t\t\t\t\t\t\t<span class=\"elementor-toggle-icon elementor-toggle-icon-left\" aria-hidden=\"true\">\n\t\t\t\t\t\t\t\t\t\t\t\t\t\t\t<span class=\"elementor-toggle-icon-closed\"><i class=\"fas fa-plus\"><\/i><\/span>\n\t\t\t\t\t\t\t\t<span class=\"elementor-toggle-icon-opened\"><i class=\"elementor-toggle-icon-opened fas fa-minus\"><\/i><\/span>\n\t\t\t\t\t\t\t\t\t\t\t\t\t<\/span>\n\t\t\t\t\t\t\t\t\t\t\t\t<a href=\"\" class=\"elementor-toggle-title\">Asignaci\u00f3n por Ayuda Escolar Anual<\/a>\n\t\t\t\t\t<\/div>\n\n\t\t\t\t\t<div id=\"elementor-tab-content-1424\" class=\"elementor-tab-content elementor-clearfix\" data-tab=\"4\" role=\"tabpanel\" aria-labelledby=\"elementor-tab-title-1424\"><div class=\"tramite\"><div class=\"row tramite-item\"><div class=\"col-xs-12 col-sm-4\"><h2 class=\"text-primary titulo\">\u00bfEn qu\u00e9 consiste esta Asignaci\u00f3n?<\/h2><\/div><div class=\"col-xs-12 col-sm-8 descripcion\"><p style=\"text-align: left;\">Consiste en el pago de una suma de dinero, que se abonar\u00e1 en el mes de marzo de cada a\u00f1o o en el mes en que comience el Ciclo Lectivo.<\/p><p style=\"text-align: left;\">Esta Asignaci\u00f3n se abonar\u00e1 por cada hijo que concurra regularmente a establecimientos de ense\u00f1anza oficial (Nivel Inicial, sala de 4, Nivel Primario, y hasta el 2\u00ba a\u00f1o del Nivel Secundario); cualquiera sea su edad (menor de veintiun a\u00f1os), si concurre a establecimientos p\u00fablicos o privados, previa acreditaci\u00f3n ante la Dir. Gral. de RR.HH. u Organismo similar, con el Certificado de Escolaridad del a\u00f1o correspondiente, expedido por las autoridades del establecimiento educativo. En el caso de que se trate de hijos con otras capacidades esta asignaci\u00f3n se abonar\u00e1 doble, hasta el segundo a\u00f1o de la secundaria, a partir del tercer a\u00f1o de la secundaria, si asiste a Instituciones de Educaci\u00f3n Diferencial se mantendr\u00e1 el pago de la Ayuda Escolar.<\/p><\/div><\/div><div class=\"row tramite-item\"><div class=\"col-xs-12 col-sm-4\"><h2 class=\"text-primary titulo\" style=\"text-align: left;\">\u00bfRequisitos para el cobro?<\/h2><\/div><div class=\"col-xs-12 col-sm-8 descripcion\"><p>Deber\u00e1 presentar:<\/p><ul><li>El Certificado de Escolaridad, al inicio y a la finalizaci\u00f3n del Ciclo Lectivo correspondiente al a\u00f1o que se liquida, en su \u00e1rea de dependencia.<\/li><\/ul><\/div><\/div><\/div><\/div>\n\t\t\t\t<\/div>\n\t\t\t\t\t\t\t<div class=\"elementor-toggle-item\">\n\t\t\t\t\t<div id=\"elementor-tab-title-1425\" class=\"elementor-tab-title\" data-tab=\"5\" role=\"tab\" aria-controls=\"elementor-tab-content-1425\" aria-expanded=\"false\">\n\t\t\t\t\t\t\t\t\t\t\t\t<span class=\"elementor-toggle-icon elementor-toggle-icon-left\" aria-hidden=\"true\">\n\t\t\t\t\t\t\t\t\t\t\t\t\t\t\t<span class=\"elementor-toggle-icon-closed\"><i class=\"fas fa-plus\"><\/i><\/span>\n\t\t\t\t\t\t\t\t<span class=\"elementor-toggle-icon-opened\"><i class=\"elementor-toggle-icon-opened fas fa-minus\"><\/i><\/span>\n\t\t\t\t\t\t\t\t\t\t\t\t\t<\/span>\n\t\t\t\t\t\t\t\t\t\t\t\t<a href=\"\" class=\"elementor-toggle-title\">Asignaci\u00f3n por Nacimiento<\/a>\n\t\t\t\t\t<\/div>\n\n\t\t\t\t\t<div id=\"elementor-tab-content-1425\" class=\"elementor-tab-content elementor-clearfix\" data-tab=\"5\" role=\"tabpanel\" aria-labelledby=\"elementor-tab-title-1425\"><div class=\"tramite\"><div class=\"row tramite-item\"><div class=\"col-xs-12 col-sm-4\"><h2 class=\"text-primary titulo\">\u00bfEn qu\u00e9 consiste esta Asignaci\u00f3n?<\/h2><\/div><div class=\"col-xs-12 col-sm-8 descripcion\">Consiste en el pago de una suma de dinero, que se abonar\u00e1 en el mes en que se acredite tal hecho ante la Direcci\u00f3n Gral. de RR.HH. u Organismo similar. Se requiere una antig\u00fcedad m\u00ednima de 6 meses en la Administraci\u00f3n P\u00fablica para tener derecho al cobro, y seis (6) meses como m\u00e1ximo de producido el Nacimiento.<\/div><\/div><div class=\"row tramite-item\"><div class=\"col-xs-12 col-sm-4\"><h2 class=\"text-primary titulo\">Requisitos para el cobro<\/h2><\/div><div class=\"col-xs-12 col-sm-8 descripcion\"><div id=\"\"><p>Deber\u00e1 presentar:<\/p><ul><li>Nota de Solicitud de Pago dirigida al titular de la <strong>Subsecretaria de Gesti\u00f3n del Capital Humano<\/strong>, donde se adjunte la siguiente documentaci\u00f3n:<\/li><li>Partida de Nacimiento legalizada por el Registro Civil y Capacidades de las Personas.<\/li><\/ul><div>\u00a0<\/div><\/div><\/div><\/div><\/div><\/div>\n\t\t\t\t<\/div>\n\t\t\t\t\t\t\t<div class=\"elementor-toggle-item\">\n\t\t\t\t\t<div id=\"elementor-tab-title-1426\" class=\"elementor-tab-title\" data-tab=\"6\" role=\"tab\" aria-controls=\"elementor-tab-content-1426\" aria-expanded=\"false\">\n\t\t\t\t\t\t\t\t\t\t\t\t<span class=\"elementor-toggle-icon elementor-toggle-icon-left\" aria-hidden=\"true\">\n\t\t\t\t\t\t\t\t\t\t\t\t\t\t\t<span class=\"elementor-toggle-icon-closed\"><i class=\"fas fa-plus\"><\/i><\/span>\n\t\t\t\t\t\t\t\t<span class=\"elementor-toggle-icon-opened\"><i class=\"elementor-toggle-icon-opened fas fa-minus\"><\/i><\/span>\n\t\t\t\t\t\t\t\t\t\t\t\t\t<\/span>\n\t\t\t\t\t\t\t\t\t\t\t\t<a href=\"\" class=\"elementor-toggle-title\">Asignaci\u00f3n por Adopci\u00f3n<\/a>\n\t\t\t\t\t<\/div>\n\n\t\t\t\t\t<div id=\"elementor-tab-content-1426\" class=\"elementor-tab-content elementor-clearfix\" data-tab=\"6\" role=\"tabpanel\" aria-labelledby=\"elementor-tab-title-1426\"><div class=\"tramite\"><div class=\"row tramite-item\"><div class=\"col-xs-12 col-sm-4\"><h2 class=\"text-primary titulo\">\u00bfEn qu\u00e9 consiste esta Asignaci\u00f3n?<\/h2><\/div><div class=\"col-xs-12 col-sm-8 descripcion\">Consiste en el pago de una suma de pesos, que se abonar\u00e1 en el mes en que se acredite dicho acto, mediante copia Certificada de la Sentencia Judicial que as\u00ed lo establezca, por ante la Direcci\u00f3n Gral. de RR.HH. u Organismo similar.<\/div><\/div><div class=\"tramite\"><div class=\"row tramite-item\"><div class=\"col-xs-12 col-sm-4\"><h2 class=\"text-primary titulo\">Requisitos para el cobro<\/h2><\/div><div class=\"col-xs-12 col-sm-8 descripcion\"><p>Deber\u00e1 presentar:<\/p><ul><li>Nota \u00a0de \u00a0Solicitud de Pago dirigida al titular de la <strong>Subsecretaria de Gesti\u00f3n del Capital Humano<\/strong>, donde se adjunte la copia Legalizada de la Sentencia de Adopci\u00f3n.<\/li><li>Acta de Nacimiento del menor.<\/li><\/ul><\/div><\/div><\/div><\/div><\/div>\n\t\t\t\t<\/div>\n\t\t\t\t\t\t\t<div class=\"elementor-toggle-item\">\n\t\t\t\t\t<div id=\"elementor-tab-title-1427\" class=\"elementor-tab-title\" data-tab=\"7\" role=\"tab\" aria-controls=\"elementor-tab-content-1427\" aria-expanded=\"false\">\n\t\t\t\t\t\t\t\t\t\t\t\t<span class=\"elementor-toggle-icon elementor-toggle-icon-left\" aria-hidden=\"true\">\n\t\t\t\t\t\t\t\t\t\t\t\t\t\t\t<span class=\"elementor-toggle-icon-closed\"><i class=\"fas fa-plus\"><\/i><\/span>\n\t\t\t\t\t\t\t\t<span class=\"elementor-toggle-icon-opened\"><i class=\"elementor-toggle-icon-opened fas fa-minus\"><\/i><\/span>\n\t\t\t\t\t\t\t\t\t\t\t\t\t<\/span>\n\t\t\t\t\t\t\t\t\t\t\t\t<a href=\"\" class=\"elementor-toggle-title\">Asignaci\u00f3n por Matrimonio<\/a>\n\t\t\t\t\t<\/div>\n\n\t\t\t\t\t<div id=\"elementor-tab-content-1427\" class=\"elementor-tab-content elementor-clearfix\" data-tab=\"7\" role=\"tabpanel\" aria-labelledby=\"elementor-tab-title-1427\"><div class=\"tramite\"><div class=\"row tramite-item\"><div class=\"col-xs-12 col-sm-4\"><h2 class=\"text-primary titulo\">\u00bfEn qu\u00e9 consiste esta Asignaci\u00f3n?<\/h2><\/div><div class=\"col-xs-12 col-sm-8 descripcion\">Consiste en el pago de una suma, que se abonar\u00e1 en el mes en que se acredite dicho acto ante la Direcci\u00f3n Gral. de RR.HH. u Organismo similar, mediante el acta de su celebraci\u00f3n, expedido por el Registro Civil y Capacidad de las Personas. Esta asignaci\u00f3n se abonar\u00e1 a los 2 c\u00f3nyuges, cuando ambos pertenezcan a la Administraci\u00f3n P\u00fablica Provincial y\/o Municipal. Se requiere una antig\u00fcedad m\u00ednima de 6 meses en la Administraci\u00f3n P\u00fablica para tener derecho al cobro, y seis (6) meses como m\u00e1ximo de producido el Matrimonio.<\/div><\/div><div class=\"row tramite-item\"><div class=\"col-xs-12 col-sm-4\"><h2 class=\"text-primary titulo\">Requisitos para el cobro<\/h2><\/div><div class=\"col-xs-12 col-sm-8 descripcion\"><div id=\"\"><p>Deber\u00e1 presentar:<\/p><ul><li>Nota de \u00a0Solicitud de Pago dirigida al titular de la <strong>Subsecretaria de Gesti\u00f3n del Capital Humano<\/strong>, donde se adjunte la siguiente documentaci\u00f3n:<\/li><li>Acta de Matrimonio o Casamiento legalizada por el Registro Civil y Capacidades de las Personas.<\/li><li>Fotocopia del Documento del c\u00f3nyuge.<\/li><\/ul><\/div><\/div><\/div><\/div><\/div>\n\t\t\t\t<\/div>\n\t\t\t\t\t\t\t<div class=\"elementor-toggle-item\">\n\t\t\t\t\t<div id=\"elementor-tab-title-1428\" class=\"elementor-tab-title\" data-tab=\"8\" role=\"tab\" aria-controls=\"elementor-tab-content-1428\" aria-expanded=\"false\">\n\t\t\t\t\t\t\t\t\t\t\t\t<span class=\"elementor-toggle-icon elementor-toggle-icon-left\" aria-hidden=\"true\">\n\t\t\t\t\t\t\t\t\t\t\t\t\t\t\t<span class=\"elementor-toggle-icon-closed\"><i class=\"fas fa-plus\"><\/i><\/span>\n\t\t\t\t\t\t\t\t<span class=\"elementor-toggle-icon-opened\"><i class=\"elementor-toggle-icon-opened fas fa-minus\"><\/i><\/span>\n\t\t\t\t\t\t\t\t\t\t\t\t\t<\/span>\n\t\t\t\t\t\t\t\t\t\t\t\t<a href=\"\" class=\"elementor-toggle-title\">Asignaci\u00f3n por C\u00f3nyuge<\/a>\n\t\t\t\t\t<\/div>\n\n\t\t\t\t\t<div id=\"elementor-tab-content-1428\" class=\"elementor-tab-content elementor-clearfix\" data-tab=\"8\" role=\"tabpanel\" aria-labelledby=\"elementor-tab-title-1428\"><div class=\"tramite\"><div class=\"row tramite-item\"><div class=\"col-xs-12 col-sm-4\"><h2 class=\"text-primary titulo\">\u00bfEn qu\u00e9 consiste esta Asignaci\u00f3n?<\/h2><\/div><div class=\"col-xs-12 col-sm-8 descripcion\">Consiste en el pago de una suma de dinero mensual, que se abonar\u00e1:<\/div><div class=\"col-xs-12 col-sm-8 descripcion\"><ol style=\"list-style-type: lower-alpha;\"><li>Al agente por esposa leg\u00edtima a su cargo, domiciliado en el pa\u00eds, aunque esta trabaje en relaci\u00f3n de dependencia.<\/li><li>Al agente femenino por esposo leg\u00edtimo a cargo, domiciliado en el pa\u00eds, inv\u00e1lido en forma total.<\/li><\/ol><\/div><\/div><div class=\"row tramite-item\"><div class=\"col-xs-12 col-sm-4\"><h2 class=\"text-primary titulo\">Requisitos para el cobro<\/h2><\/div><div class=\"col-xs-12 col-sm-8 descripcion\"><div id=\"\"><p>Deber\u00e1 presentar:<\/p><ul><li>Nota de \u00a0Solicitud de Pago dirigida al titular de la <strong>Subsecretaria de Gesti\u00f3n del Capital Humano<\/strong>, donde se adjunte la siguiente documentaci\u00f3n:<\/li><li>Acta de Casamiento O Union Convivencial legalizada por el Registro Civil y Capacidades de las Personas.<\/li><li>Fotocopia del documento del c\u00f3nyuge.<\/li><li>En el caso que el beneficiario sea mujer, deber\u00e1 presentar Certificado de Discapacidad del Esposo.<\/li><li>Certificado de domicilio del c\u00f3nyuge.<\/li><\/ul><div>\u00a0<\/div><\/div><\/div><\/div><\/div><\/div>\n\t\t\t\t<\/div>\n\t\t\t\t\t\t\t<div class=\"elementor-toggle-item\">\n\t\t\t\t\t<div id=\"elementor-tab-title-1429\" class=\"elementor-tab-title\" data-tab=\"9\" role=\"tab\" aria-controls=\"elementor-tab-content-1429\" aria-expanded=\"false\">\n\t\t\t\t\t\t\t\t\t\t\t\t<span class=\"elementor-toggle-icon elementor-toggle-icon-left\" aria-hidden=\"true\">\n\t\t\t\t\t\t\t\t\t\t\t\t\t\t\t<span class=\"elementor-toggle-icon-closed\"><i class=\"fas fa-plus\"><\/i><\/span>\n\t\t\t\t\t\t\t\t<span class=\"elementor-toggle-icon-opened\"><i class=\"elementor-toggle-icon-opened fas fa-minus\"><\/i><\/span>\n\t\t\t\t\t\t\t\t\t\t\t\t\t<\/span>\n\t\t\t\t\t\t\t\t\t\t\t\t<a href=\"\" class=\"elementor-toggle-title\">Asignaci\u00f3n Complementaria de Salario Familiar. (Doble Salario)<\/a>\n\t\t\t\t\t<\/div>\n\n\t\t\t\t\t<div id=\"elementor-tab-content-1429\" class=\"elementor-tab-content elementor-clearfix\" data-tab=\"9\" role=\"tabpanel\" aria-labelledby=\"elementor-tab-title-1429\"><div class=\"tramite\"><div class=\"row tramite-item\"><div class=\"col-xs-12 col-sm-4\"><h2 class=\"text-primary titulo\">\u00bfEn qu\u00e9 consiste esta Asignaci\u00f3n?<\/h2><\/div><div class=\"col-xs-12 col-sm-8 descripcion\">Se refiere al pago una vez al a\u00f1o, con los haberes del mes de enero, <strong>del doble<\/strong> de los montos percibidos en concepto de Salario Familiar, con excepci\u00f3n de las asignaciones de Matrimonio, Nacimiento, Adopci\u00f3n y Ayuda Escolar Anual.<\/div><div class=\"col-xs-12 col-sm-8 descripcion\">DECRETO 593\/2004 REGIMEN DE ASIGNACIONES FAMILIARES Y SUS MODIFICATORIAS, ARTICULO 26<\/div><\/div><\/div><\/div>\n\t\t\t\t<\/div>\n\t\t\t\t\t\t\t\t<\/div>\n\t\t\t\t<\/div>\n\t\t\t\t<\/div>\n\t\t\t\t\t\t<\/div>\n\t\t\t\t\t<\/div>\n\t\t<\/div>\n\t\t\t\t\t\t\t\t<\/div>\n\t\t\t\t\t<\/div>\n\t\t<\/section>\n\t\t\t\t\t\t\t\t\t<\/div>\n\t\t\t<\/div>\n\t\t\t\t\t<\/div>\n\t\t","protected":false},"excerpt":{"rendered":"<p>Tr\u00e1mites Asignaci\u00f3n por Hijo \u00bfEn qu\u00e9 consiste la Asignaci\u00f3n? Consiste en el pago de una suma mensual por cada hijo menor de 13 a\u00f1os de edad, que se encuentre a cargo del Agente.\u00a0El pago podr\u00e1 extenderse hasta los 21 a\u00f1os, cuando el hijo del Agente concurra regularmente a establecimientos oficiales (p\u00fablicos o privados) donde se [&hellip;]<\/p>\n","protected":false},"author":1,"featured_media":0,"parent":0,"menu_order":0,"comment_status":"closed","ping_status":"closed","template":"","meta":[],"_links":{"self":[{"href":"https:\/\/empleadospublicos.larioja.gob.ar\/RecursosHumanos\/wp-json\/wp\/v2\/pages\/3379"}],"collection":[{"href":"https:\/\/empleadospublicos.larioja.gob.ar\/RecursosHumanos\/wp-json\/wp\/v2\/pages"}],"about":[{"href":"https:\/\/empleadospublicos.larioja.gob.ar\/RecursosHumanos\/wp-json\/wp\/v2\/types\/page"}],"author":[{"embeddable":true,"href":"https:\/\/empleadospublicos.larioja.gob.ar\/RecursosHumanos\/wp-json\/wp\/v2\/users\/1"}],"replies":[{"embeddable":true,"href":"https:\/\/empleadospublicos.larioja.gob.ar\/RecursosHumanos\/wp-json\/wp\/v2\/comments?post=3379"}],"version-history":[{"count":3,"href":"https:\/\/empleadospublicos.larioja.gob.ar\/RecursosHumanos\/wp-json\/wp\/v2\/pages\/3379\/revisions"}],"predecessor-version":[{"id":5820,"href":"https:\/\/empleadospublicos.larioja.gob.ar\/RecursosHumanos\/wp-json\/wp\/v2\/pages\/3379\/revisions\/5820"}],"wp:attachment":[{"href":"https:\/\/empleadospublicos.larioja.gob.ar\/RecursosHumanos\/wp-json\/wp\/v2\/media?parent=3379"}],"curies":[{"name":"wp","href":"https:\/\/api.w.org\/{rel}","templated":true}]}}